{"id":160,"date":"2022-02-21T16:32:05","date_gmt":"2022-02-21T16:32:05","guid":{"rendered":"https:\/\/staging.stylesessions.ch\/?page_id=160"},"modified":"2022-04-18T19:41:12","modified_gmt":"2022-04-18T19:41:12","slug":"kontakt","status":"publish","type":"page","link":"https:\/\/staging.stylesessions.ch\/?page_id=160","title":{"rendered":"Kontakt"},"content":{"rendered":"<p>[et_pb_section fb_built=&#8220;1&#8243; admin_label=&#8220;Header&#8220; _builder_version=&#8220;4.17.0&#8243; background_color=&#8220;#efefef&#8220; custom_padding=&#8220;||0px|||&#8220; hover_enabled=&#8220;0&#8243; global_colors_info=&#8220;{}&#8220; module_id=&#8220;contact-panel1&#8243; sticky_enabled=&#8220;0&#8243;][et_pb_row _builder_version=&#8220;4.16&#8243; global_colors_info=&#8220;{}&#8220;][et_pb_column type=&#8220;4_4&#8243; _builder_version=&#8220;4.16&#8243; global_colors_info=&#8220;{}&#8220;][et_pb_text _builder_version=&#8220;4.17.0&#8243; header_font=&#8220;Unna||||||||&#8220; header_font_size=&#8220;96px&#8220; header_2_font=&#8220;Lato||||||||&#8220; header_font_tablet=&#8220;&#8220; header_font_phone=&#8220;&#8220; header_font_last_edited=&#8220;on|phone&#8220; header_font_size_tablet=&#8220;60px&#8220; header_font_size_phone=&#8220;42px&#8220; header_font_size_last_edited=&#8220;on|tablet&#8220; global_colors_info=&#8220;{}&#8220;]<\/p>\n<h1>Kontakt<\/h1>\n<p>[\/et_pb_text][\/et_pb_column][\/et_pb_row][et_pb_row column_structure=&#8220;1_2,1_2&#8243; _builder_version=&#8220;4.16&#8243; background_color=&#8220;#eaeaea&#8220; min_height=&#8220;1520px&#8220; custom_margin=&#8220;40px||||false|false&#8220; custom_padding=&#8220;50px||||false|false&#8220; box_shadow_style=&#8220;preset4&#8243; box_shadow_horizontal=&#8220;30vw&#8220; box_shadow_vertical=&#8220;0px&#8220; box_shadow_color=&#8220;#d1dedc&#8220; global_colors_info=&#8220;{}&#8220;][et_pb_column type=&#8220;1_2&#8243; _builder_version=&#8220;4.16&#8243; global_colors_info=&#8220;{}&#8220;][et_pb_image src=&#8220;https:\/\/staging.stylesessions.ch\/wp-content\/uploads\/2022\/03\/20220318_103717-scaled.jpg&#8220; title_text=&#8220;20220318_103717&#8243; _builder_version=&#8220;4.16&#8243; max_height_tablet=&#8220;200px&#8220; max_height_phone=&#8220;&#8220; max_height_last_edited=&#8220;on|tablet&#8220; custom_margin=&#8220;-40px|||-8vw|false|false&#8220; custom_margin_tablet=&#8220;0px|||0vw|false|false&#8220; custom_margin_phone=&#8220;&#8220; custom_margin_last_edited=&#8220;on|tablet&#8220; scroll_vertical_motion_enable=&#8220;on&#8220; scroll_vertical_motion=&#8220;0|50|50|100|2|0|-2&#8243; scroll_vertical_motion_tablet=&#8220;0|50|50|100|0|0|0&#8243; scroll_vertical_motion_phone=&#8220;&#8220; scroll_vertical_motion_last_edited=&#8220;on|tablet&#8220; global_colors_info=&#8220;{}&#8220;][\/et_pb_image][et_pb_image src=&#8220;https:\/\/staging.stylesessions.ch\/wp-content\/uploads\/2022\/03\/20220307_133627-scaled.jpg&#8220; title_text=&#8220;20220307_133627&#8243; _builder_version=&#8220;4.16&#8243; width=&#8220;100%&#8220; max_height_tablet=&#8220;200px&#8220; max_height_phone=&#8220;&#8220; max_height_last_edited=&#8220;on|tablet&#8220; custom_margin=&#8220;-80px|||-10vw|false|false&#8220; custom_margin_tablet=&#8220;0px|||0vw|false|false&#8220; custom_margin_phone=&#8220;&#8220; custom_margin_last_edited=&#8220;on|tablet&#8220; scroll_vertical_motion_enable=&#8220;on&#8220; scroll_vertical_motion=&#8220;0|50|50|100|-1|0|-3&#8243; motion_trigger_start=&#8220;top&#8220; scroll_vertical_motion_tablet=&#8220;0|50|50|100|0|0|0&#8243; scroll_vertical_motion_phone=&#8220;&#8220; scroll_vertical_motion_last_edited=&#8220;on|tablet&#8220; global_colors_info=&#8220;{}&#8220;][\/et_pb_image][et_pb_image src=&#8220;https:\/\/staging.stylesessions.ch\/wp-content\/uploads\/2022\/02\/20220228_155556.jpg&#8220; title_text=&#8220;20220228_155556&#8243; _builder_version=&#8220;4.16&#8243; positioning=&#8220;absolute&#8220; position_origin_a=&#8220;center_left&#8220; position_origin_a_tablet=&#8220;&#8220; position_origin_a_phone=&#8220;&#8220; position_origin_a_last_edited=&#8220;on|desktop&#8220; position_origin_f_tablet=&#8220;&#8220; position_origin_f_phone=&#8220;&#8220; position_origin_f_last_edited=&#8220;on|desktop&#8220; position_origin_r_tablet=&#8220;&#8220; position_origin_r_phone=&#8220;&#8220; position_origin_r_last_edited=&#8220;on|desktop&#8220; width=&#8220;70%&#8220; max_height_tablet=&#8220;200px&#8220; max_height_phone=&#8220;&#8220; max_height_last_edited=&#8220;on|tablet&#8220; positioning_tablet=&#8220;relative&#8220; positioning_phone=&#8220;&#8220; positioning_last_edited=&#8220;on|tablet&#8220; global_colors_info=&#8220;{}&#8220;][\/et_pb_image][\/et_pb_column][et_pb_column type=&#8220;1_2&#8243; _builder_version=&#8220;4.16&#8243; global_colors_info=&#8220;{}&#8220;][et_pb_text _builder_version=&#8220;4.17.0&#8243; text_font=&#8220;Lato||||||||&#8220; text_line_height=&#8220;1.5em&#8220; header_font=&#8220;||||||||&#8220; header_4_font=&#8220;Unna|700|||||||&#8220; header_4_font_size=&#8220;30px&#8220; header_4_line_height=&#8220;1.4em&#8220; inline_fonts=&#8220;Lato&#8220; global_colors_info=&#8220;{}&#8220; background__hover_enabled=&#8220;on|desktop&#8220;]<\/p>\n<h3><span style=\"font-family: Lato;\">Buche dir deine 30min kostenloses kennenlern Gespr\u00e4ch oder einen Termin f\u00fcr eine Kleiderschrank Beratung, \u00c4nderungen, Flickarbeiten oder ein N\u00e4hcoaching.<\/span><\/h3>\n<h3><span style=\"font-family: Lato;\">Ich freue mich auf dich<\/span><\/h3>\n<h3><span style=\"font-family: Lato;\">Herzliche Gr\u00fcsse<\/span><\/h3>\n<h3><span style=\"font-family: Lato;\">Petra<\/span><\/h3>\n<p>[\/et_pb_text][et_pb_blurb title=&#8220;+41 79 305 88 85&#8243; use_icon=&#8220;on&#8220; font_icon=&#8220;&#xe090;||divi||400&#8243; icon_color=&#8220;#FFFFFF&#8220; image_icon_background_color=&#8220;rgba(16,70,87,0.97)&#8220; icon_placement=&#8220;left&#8220; image_icon_width=&#8220;16px&#8220; _builder_version=&#8220;4.16&#8243; header_font=&#8220;|600|||||||&#8220; header_font_size=&#8220;16px&#8220; header_line_height=&#8220;1.8em&#8220; image_icon_custom_padding=&#8220;8px|8px|8px|8px|false|false&#8220; animation=&#8220;off&#8220; border_radii_image=&#8220;on|100%|100%|100%|100%&#8220; icon_font_size=&#8220;16px&#8220; use_circle=&#8220;on&#8220; circle_color=&#8220;#ff6600&#8243; global_colors_info=&#8220;{}&#8220; image_icon_background_color__sticky_enabled=&#8220;#7EBEC5&#8243; image_icon_background_color__sticky=&#8220;#7EBEC5&#8243;][\/et_pb_blurb][et_pb_blurb title=&#8220;petra@stylesessions.ch&#8220; use_icon=&#8220;on&#8220; font_icon=&#8220;&#xe076;||divi||400&#8243; icon_color=&#8220;#ffffff&#8220; image_icon_background_color=&#8220;rgba(16,70,87,0.97)&#8220; icon_placement=&#8220;left&#8220; image_icon_width=&#8220;16px&#8220; _builder_version=&#8220;4.16&#8243; header_font=&#8220;|600|||||||&#8220; header_font_size=&#8220;16px&#8220; header_line_height=&#8220;1.8em&#8220; image_icon_custom_padding=&#8220;8px|8px|8px|8px|false|false&#8220; animation=&#8220;off&#8220; border_radii_image=&#8220;on|100%|100%|100%|100%&#8220; icon_font_size=&#8220;16px&#8220; use_circle=&#8220;on&#8220; circle_color=&#8220;#ff6600&#8243; global_colors_info=&#8220;{}&#8220; image_icon_background_color__sticky_enabled=&#8220;#7EBEC5&#8243; image_icon_background_color__sticky=&#8220;#7EBEC5&#8243;][\/et_pb_blurb][et_pb_contact_form captcha=&#8220;off&#8220; email=&#8220;petra@stylesessions.ch  &#8220; title=&#8220;Style Session Staffelbach&#8220; success_message=&#8220;Danke f\u00fcr deine Nachricht, ich melde mich zeitnah bei dir. Liebe Gr\u00fcsse Petra&#8220; submit_button_text=&#8220;Senden&#8220; _builder_version=&#8220;4.17.0&#8243; _unique_id=&#8220;c56e67d9-6b5a-4202-b551-7e17aa7f39ec&#8220; form_field_background_color=&#8220;#ffffff&#8220; form_field_font_size=&#8220;16px&#8220; form_field_line_height=&#8220;1.8em&#8220; custom_button=&#8220;on&#8220; button_text_size=&#8220;14px&#8220; button_text_color=&#8220;#ffffff&#8220; button_bg_color=&#8220;#104657&#8243; button_border_color=&#8220;rgba(0,0,0,0)&#8220; button_border_radius=&#8220;0px&#8220; button_letter_spacing=&#8220;4px&#8220; button_font=&#8220;|700||on|||||&#8220; button_icon=&#8220;&#x24;||divi||400&#8243; button_custom_margin=&#8220;10px||||false|false&#8220; button_custom_padding=&#8220;15px|40px|15px|40px|true|true&#8220; max_width=&#8220;700px&#8220; module_alignment=&#8220;center&#8220; global_colors_info=&#8220;{}&#8220;][et_pb_contact_field field_id=&#8220;Name&#8220; field_title=&#8220;Vorname &#038; Name&#8220; fullwidth_field=&#8220;on&#8220; _builder_version=&#8220;4.16&#8243; global_colors_info=&#8220;{}&#8220; button_text_size__hover_enabled=&#8220;off&#8220; button_one_text_size__hover_enabled=&#8220;off&#8220; button_two_text_size__hover_enabled=&#8220;off&#8220; button_text_color__hover_enabled=&#8220;off&#8220; button_one_text_color__hover_enabled=&#8220;off&#8220; button_two_text_color__hover_enabled=&#8220;off&#8220; button_border_width__hover_enabled=&#8220;off&#8220; button_one_border_width__hover_enabled=&#8220;off&#8220; button_two_border_width__hover_enabled=&#8220;off&#8220; button_border_color__hover_enabled=&#8220;off&#8220; button_one_border_color__hover_enabled=&#8220;off&#8220; button_two_border_color__hover_enabled=&#8220;off&#8220; button_border_radius__hover_enabled=&#8220;off&#8220; button_one_border_radius__hover_enabled=&#8220;off&#8220; button_two_border_radius__hover_enabled=&#8220;off&#8220; button_letter_spacing__hover_enabled=&#8220;off&#8220; button_one_letter_spacing__hover_enabled=&#8220;off&#8220; button_two_letter_spacing__hover_enabled=&#8220;off&#8220; button_bg_color__hover_enabled=&#8220;off&#8220; button_one_bg_color__hover_enabled=&#8220;off&#8220; button_two_bg_color__hover_enabled=&#8220;off&#8220;][\/et_pb_contact_field][et_pb_contact_field field_id=&#8220;Telefonnummer&#8220; field_title=&#8220;Telefonnummer&#8220; fullwidth_field=&#8220;on&#8220; _builder_version=&#8220;4.16&#8243; _module_preset=&#8220;default&#8220; global_colors_info=&#8220;{}&#8220;][\/et_pb_contact_field][et_pb_contact_field field_id=&#8220;Email&#8220; field_title=&#8220;E-mail Adresse&#8220; field_type=&#8220;email&#8220; fullwidth_field=&#8220;on&#8220; _builder_version=&#8220;4.16&#8243; global_colors_info=&#8220;{}&#8220; button_text_size__hover_enabled=&#8220;off&#8220; button_one_text_size__hover_enabled=&#8220;off&#8220; button_two_text_size__hover_enabled=&#8220;off&#8220; button_text_color__hover_enabled=&#8220;off&#8220; button_one_text_color__hover_enabled=&#8220;off&#8220; button_two_text_color__hover_enabled=&#8220;off&#8220; button_border_width__hover_enabled=&#8220;off&#8220; button_one_border_width__hover_enabled=&#8220;off&#8220; button_two_border_width__hover_enabled=&#8220;off&#8220; button_border_color__hover_enabled=&#8220;off&#8220; button_one_border_color__hover_enabled=&#8220;off&#8220; button_two_border_color__hover_enabled=&#8220;off&#8220; button_border_radius__hover_enabled=&#8220;off&#8220; button_one_border_radius__hover_enabled=&#8220;off&#8220; button_two_border_radius__hover_enabled=&#8220;off&#8220; button_letter_spacing__hover_enabled=&#8220;off&#8220; button_one_letter_spacing__hover_enabled=&#8220;off&#8220; button_two_letter_spacing__hover_enabled=&#8220;off&#8220; button_bg_color__hover_enabled=&#8220;off&#8220; button_one_bg_color__hover_enabled=&#8220;off&#8220; button_two_bg_color__hover_enabled=&#8220;off&#8220;][\/et_pb_contact_field][et_pb_contact_field field_id=&#8220;Message&#8220; field_title=&#8220;Nachricht&#8220; field_type=&#8220;text&#8220; fullwidth_field=&#8220;on&#8220; _builder_version=&#8220;4.16&#8243; global_colors_info=&#8220;{}&#8220; button_text_size__hover_enabled=&#8220;off&#8220; button_one_text_size__hover_enabled=&#8220;off&#8220; button_two_text_size__hover_enabled=&#8220;off&#8220; button_text_color__hover_enabled=&#8220;off&#8220; button_one_text_color__hover_enabled=&#8220;off&#8220; button_two_text_color__hover_enabled=&#8220;off&#8220; button_border_width__hover_enabled=&#8220;off&#8220; button_one_border_width__hover_enabled=&#8220;off&#8220; button_two_border_width__hover_enabled=&#8220;off&#8220; button_border_color__hover_enabled=&#8220;off&#8220; button_one_border_color__hover_enabled=&#8220;off&#8220; button_two_border_color__hover_enabled=&#8220;off&#8220; button_border_radius__hover_enabled=&#8220;off&#8220; button_one_border_radius__hover_enabled=&#8220;off&#8220; button_two_border_radius__hover_enabled=&#8220;off&#8220; button_letter_spacing__hover_enabled=&#8220;off&#8220; button_one_letter_spacing__hover_enabled=&#8220;off&#8220; button_two_letter_spacing__hover_enabled=&#8220;off&#8220; button_bg_color__hover_enabled=&#8220;off&#8220; button_one_bg_color__hover_enabled=&#8220;off&#8220; button_two_bg_color__hover_enabled=&#8220;off&#8220;][\/et_pb_contact_field][et_pb_contact_field field_id=&#8220;Datenschutz&#8220; field_title=&#8220;Datenschutz&#8220; field_type=&#8220;checkbox&#8220; checkbox_options=&#8220;%91{%22value%22:%22Datenschutz bitte anklicken%22,%22checked%22:0,%22dragID%22:-1}%93&#8243; fullwidth_field=&#8220;on&#8220; _builder_version=&#8220;4.17.0&#8243; _module_preset=&#8220;default&#8220; global_colors_info=&#8220;{}&#8220;][\/et_pb_contact_field][\/et_pb_contact_form][\/et_pb_column][\/et_pb_row][\/et_pb_section][et_pb_section fb_built=&#8220;1&#8243; admin_label=&#8220;Social Media&#8220; _builder_version=&#8220;4.16&#8243; global_colors_info=&#8220;{}&#8220;][et_pb_row _builder_version=&#8220;4.16&#8243; global_colors_info=&#8220;{}&#8220;][et_pb_column type=&#8220;4_4&#8243; _builder_version=&#8220;4.16&#8243; global_colors_info=&#8220;{}&#8220;][et_pb_text _builder_version=&#8220;4.17.0&#8243; text_font_size=&#8220;15px&#8220; text_line_height=&#8220;2em&#8220; header_font=&#8220;Lato||||||||&#8220; header_2_font=&#8220;Lato||||||||&#8220; header_2_font_size=&#8220;72px&#8220; text_orientation=&#8220;center&#8220; max_width=&#8220;600px&#8220; module_alignment=&#8220;center&#8220; header_2_font_size_tablet=&#8220;48px&#8220; header_2_font_size_phone=&#8220;32px&#8220; header_2_font_size_last_edited=&#8220;on|phone&#8220; locked=&#8220;off&#8220; inline_fonts=&#8220;Varta&#8220; global_colors_info=&#8220;{}&#8220;]<\/p>\n<h2>Folge mir!<\/h2>\n<p><span style=\"font-family: Varta; font-weight: normal; font-size: x-large;\">Ich bin vor allem auf Instagram aktiv und zeige da was ich so herstelle, was mich bewegt im Zusammenhang mit einem nachhaltigen Umgang mit Mode und umrahmt von Naturbildern und Gedanken.<\/span><\/p>\n<p><span style=\"font-family: Varta; font-weight: normal; font-size: x-large;\">Ich freue mich, wenn du Teil meiner Commnunity wirst!<\/span><\/p>\n<p>[\/et_pb_text][et_pb_social_media_follow icon_color=&#8220;#2a2a2a&#8220; use_icon_font_size=&#8220;on&#8220; icon_font_size=&#8220;28px&#8220; _builder_version=&#8220;4.16&#8243; text_orientation=&#8220;center&#8220; global_colors_info=&#8220;{}&#8220;][et_pb_social_media_follow_network social_network=&#8220;instagram&#8220; url=&#8220;https:\/\/www.instagram.com\/petrastaffelbach\/&#8220; _builder_version=&#8220;4.16&#8243; background_enable_color=&#8220;off&#8220; global_colors_info=&#8220;{}&#8220; follow_button=&#8220;off&#8220; url_new_window=&#8220;on&#8220;]instagram[\/et_pb_social_media_follow_network][et_pb_social_media_follow_network social_network=&#8220;facebook&#8220; url=&#8220;https:\/\/www.facebook.com\/petra.staffelbach.77&#8243; _builder_version=&#8220;4.16&#8243; background_enable_color=&#8220;off&#8220; global_colors_info=&#8220;{}&#8220; follow_button=&#8220;off&#8220; url_new_window=&#8220;on&#8220;]facebook[\/et_pb_social_media_follow_network][et_pb_social_media_follow_network social_network=&#8220;linkedin&#8220; url=&#8220;https:\/\/www.linkedin.com\/in\/petra-staffelbach-9991b918b\/&#8220; _builder_version=&#8220;4.16&#8243; background_color=&#8220;#007bb6&#8243; background_enable_color=&#8220;off&#8220; global_colors_info=&#8220;{}&#8220; follow_button=&#8220;off&#8220; url_new_window=&#8220;on&#8220;]linkedin[\/et_pb_social_media_follow_network][\/et_pb_social_media_follow][\/et_pb_column][\/et_pb_row][\/et_pb_section][et_pb_section fb_built=&#8220;1&#8243; _builder_version=&#8220;4.17.0&#8243; _module_preset=&#8220;default&#8220; background_color=&#8220;rgba(0,0,0,0.86)&#8220; global_module=&#8220;624&#8243; global_colors_info=&#8220;{}&#8220;][et_pb_row column_structure=&#8220;1_3,1_3,1_3&#8243; _builder_version=&#8220;4.17.0&#8243; _module_preset=&#8220;default&#8220; global_colors_info=&#8220;{}&#8220;][et_pb_column type=&#8220;1_3&#8243; _builder_version=&#8220;4.17.0&#8243; _module_preset=&#8220;default&#8220; global_colors_info=&#8220;{}&#8220;][et_pb_text _builder_version=&#8220;4.17.0&#8243; _module_preset=&#8220;default&#8220; global_colors_info=&#8220;{}&#8220;]<\/p>\n<p><a href=\"\/datenschutz\"><span style=\"color: #ffffff;\">Datenschutz<\/span><\/a><\/p>\n<p><a href=\"\/impressum\"><span style=\"color: #ffffff;\">Impressum<\/span><\/a><\/p>\n<p><a href=\"\/kontakt\"><span style=\"color: #ffffff;\">Kontakt<\/span><\/a><\/p>\n<p>[\/et_pb_text][\/et_pb_column][et_pb_column type=&#8220;1_3&#8243; _builder_version=&#8220;4.17.0&#8243; _module_preset=&#8220;default&#8220; global_colors_info=&#8220;{}&#8220;][et_pb_text _builder_version=&#8220;4.17.0&#8243; _module_preset=&#8220;default&#8220; global_colors_info=&#8220;{}&#8220;]<\/p>\n<p style=\"text-align: justify;\"><span style=\"text-decoration: underline;\"><span style=\"color: #ffffff; text-decoration: underline;\">\u00d6ffnungszeiten<\/span><\/span><\/p>\n<p style=\"text-align: justify;\"><span style=\"color: #ffffff;\">Montag bis Freitag 8h &#8211; 18h <\/span><\/p>\n<p style=\"text-align: justify;\"><span style=\"color: #ffffff;\">Samstag auf Anfrage<\/span><\/p>\n<p>[\/et_pb_text][\/et_pb_column][et_pb_column type=&#8220;1_3&#8243; _builder_version=&#8220;4.17.0&#8243; _module_preset=&#8220;default&#8220; global_colors_info=&#8220;{}&#8220;][et_pb_social_media_follow _builder_version=&#8220;4.17.0&#8243; _module_preset=&#8220;default&#8220; global_colors_info=&#8220;{}&#8220;][et_pb_social_media_follow_network social_network=&#8220;facebook&#8220; url=&#8220;https:\/\/www.facebook.com\/petra.staffelbach.77&#8243; _builder_version=&#8220;4.17.0&#8243; _module_preset=&#8220;default&#8220; background_color=&#8220;#3b5998&#8243; global_colors_info=&#8220;{}&#8220; follow_button=&#8220;off&#8220; url_new_window=&#8220;on&#8220;]facebook[\/et_pb_social_media_follow_network][et_pb_social_media_follow_network social_network=&#8220;instagram&#8220; url=&#8220;https:\/\/www.instagram.com\/petrastaffelbach\/&#8220; _builder_version=&#8220;4.17.0&#8243; _module_preset=&#8220;default&#8220; background_color=&#8220;#ea2c59&#8243; global_colors_info=&#8220;{}&#8220; follow_button=&#8220;off&#8220; url_new_window=&#8220;on&#8220;]instagram[\/et_pb_social_media_follow_network][et_pb_social_media_follow_network social_network=&#8220;linkedin&#8220; url=&#8220;https:\/\/www.linkedin.com\/in\/petra-staffelbach-9991b918b\/&#8220; _builder_version=&#8220;4.17.0&#8243; _module_preset=&#8220;default&#8220; background_color=&#8220;#007bb6&#8243; global_colors_info=&#8220;{}&#8220; follow_button=&#8220;off&#8220; url_new_window=&#8220;on&#8220;]linkedin[\/et_pb_social_media_follow_network][\/et_pb_social_media_follow][\/et_pb_column][\/et_pb_row][\/et_pb_section]<\/p>\n","protected":false},"excerpt":{"rendered":"<p>KontaktBuche dir deine 30min kostenloses kennenlern Gespr\u00e4ch oder einen Termin f\u00fcr eine Kleiderschrank Beratung, \u00c4nderungen, Flickarbeiten oder ein N\u00e4hcoaching. Ich freue mich auf dich Herzliche Gr\u00fcsse PetraFolge mir! Ich bin vor allem auf Instagram aktiv und zeige da was ich so herstelle, was mich bewegt im Zusammenhang mit einem nachhaltigen Umgang mit Mode und umrahmt [&hellip;]<\/p>\n","protected":false},"author":1,"featured_media":0,"parent":0,"menu_order":0,"comment_status":"closed","ping_status":"closed","template":"","meta":{"_et_pb_use_builder":"on","_et_pb_old_content":"","_et_gb_content_width":"","_monsterinsights_skip_tracking":false,"_monsterinsights_sitenote_active":false,"_monsterinsights_sitenote_note":"","_monsterinsights_sitenote_category":0,"footnotes":""},"class_list":["post-160","page","type-page","status-publish","hentry"],"yoast_head":"<!-- This site is optimized with the Yoast SEO plugin v26.9 - https:\/\/yoast.com\/product\/yoast-seo-wordpress\/ -->\n<title>Kontakt - Nachhaltigich<\/title>\n<meta name=\"description\" content=\"Ob eine Kleiderschrankberatung, eine Farb &amp; Stil Beratung, \u00c4nderungen oder ein N\u00e4hcoaching, ich bin gerne f\u00fcr dich da!\" \/>\n<meta name=\"robots\" content=\"index, follow, max-snippet:-1, max-image-preview:large, max-video-preview:-1\" \/>\n<link rel=\"canonical\" href=\"https:\/\/staging.stylesessions.ch\/?page_id=160\" \/>\n<meta property=\"og:locale\" content=\"de_DE\" \/>\n<meta property=\"og:type\" content=\"article\" \/>\n<meta property=\"og:title\" content=\"Kontakt - Nachhaltigich\" \/>\n<meta property=\"og:description\" content=\"Ob eine Kleiderschrankberatung, eine Farb &amp; Stil Beratung, \u00c4nderungen oder ein N\u00e4hcoaching, ich bin gerne f\u00fcr dich da!\" \/>\n<meta property=\"og:url\" content=\"https:\/\/staging.stylesessions.ch\/?page_id=160\" \/>\n<meta property=\"og:site_name\" content=\"Nachhaltigich\" \/>\n<meta property=\"article:modified_time\" content=\"2022-04-18T19:41:12+00:00\" \/>\n<meta name=\"twitter:card\" content=\"summary_large_image\" \/>\n<meta name=\"twitter:label1\" content=\"Gesch\u00e4tzte Lesezeit\" \/>\n\t<meta name=\"twitter:data1\" content=\"3\u00a0Minuten\" \/>\n<script type=\"application\/ld+json\" class=\"yoast-schema-graph\">{\"@context\":\"https:\/\/schema.org\",\"@graph\":[{\"@type\":\"WebPage\",\"@id\":\"https:\/\/staging.stylesessions.ch\/?page_id=160\",\"url\":\"https:\/\/staging.stylesessions.ch\/?page_id=160\",\"name\":\"Kontakt - Nachhaltigich\",\"isPartOf\":{\"@id\":\"https:\/\/staging.stylesessions.ch\/#website\"},\"datePublished\":\"2022-02-21T16:32:05+00:00\",\"dateModified\":\"2022-04-18T19:41:12+00:00\",\"description\":\"Ob eine Kleiderschrankberatung, eine Farb & Stil Beratung, \u00c4nderungen oder ein N\u00e4hcoaching, ich bin gerne f\u00fcr dich da!\",\"breadcrumb\":{\"@id\":\"https:\/\/staging.stylesessions.ch\/?page_id=160#breadcrumb\"},\"inLanguage\":\"de\",\"potentialAction\":[{\"@type\":\"ReadAction\",\"target\":[\"https:\/\/staging.stylesessions.ch\/?page_id=160\"]}]},{\"@type\":\"BreadcrumbList\",\"@id\":\"https:\/\/staging.stylesessions.ch\/?page_id=160#breadcrumb\",\"itemListElement\":[{\"@type\":\"ListItem\",\"position\":1,\"name\":\"Startseite\",\"item\":\"https:\/\/staging.stylesessions.ch\/\"},{\"@type\":\"ListItem\",\"position\":2,\"name\":\"Kontakt\"}]},{\"@type\":\"WebSite\",\"@id\":\"https:\/\/staging.stylesessions.ch\/#website\",\"url\":\"https:\/\/staging.stylesessions.ch\/\",\"name\":\"Nachhaltigich\",\"description\":\"Einen vollen Kleiderschrank und nichts zum Anziehen\",\"potentialAction\":[{\"@type\":\"SearchAction\",\"target\":{\"@type\":\"EntryPoint\",\"urlTemplate\":\"https:\/\/staging.stylesessions.ch\/?s={search_term_string}\"},\"query-input\":{\"@type\":\"PropertyValueSpecification\",\"valueRequired\":true,\"valueName\":\"search_term_string\"}}],\"inLanguage\":\"de\"}]}<\/script>\n<!-- \/ Yoast SEO plugin. -->","yoast_head_json":{"title":"Kontakt - Nachhaltigich","description":"Ob eine Kleiderschrankberatung, eine Farb & Stil Beratung, \u00c4nderungen oder ein N\u00e4hcoaching, ich bin gerne f\u00fcr dich da!","robots":{"index":"index","follow":"follow","max-snippet":"max-snippet:-1","max-image-preview":"max-image-preview:large","max-video-preview":"max-video-preview:-1"},"canonical":"https:\/\/staging.stylesessions.ch\/?page_id=160","og_locale":"de_DE","og_type":"article","og_title":"Kontakt - Nachhaltigich","og_description":"Ob eine Kleiderschrankberatung, eine Farb & Stil Beratung, \u00c4nderungen oder ein N\u00e4hcoaching, ich bin gerne f\u00fcr dich da!","og_url":"https:\/\/staging.stylesessions.ch\/?page_id=160","og_site_name":"Nachhaltigich","article_modified_time":"2022-04-18T19:41:12+00:00","twitter_card":"summary_large_image","twitter_misc":{"Gesch\u00e4tzte Lesezeit":"3\u00a0Minuten"},"schema":{"@context":"https:\/\/schema.org","@graph":[{"@type":"WebPage","@id":"https:\/\/staging.stylesessions.ch\/?page_id=160","url":"https:\/\/staging.stylesessions.ch\/?page_id=160","name":"Kontakt - Nachhaltigich","isPartOf":{"@id":"https:\/\/staging.stylesessions.ch\/#website"},"datePublished":"2022-02-21T16:32:05+00:00","dateModified":"2022-04-18T19:41:12+00:00","description":"Ob eine Kleiderschrankberatung, eine Farb & Stil Beratung, \u00c4nderungen oder ein N\u00e4hcoaching, ich bin gerne f\u00fcr dich da!","breadcrumb":{"@id":"https:\/\/staging.stylesessions.ch\/?page_id=160#breadcrumb"},"inLanguage":"de","potentialAction":[{"@type":"ReadAction","target":["https:\/\/staging.stylesessions.ch\/?page_id=160"]}]},{"@type":"BreadcrumbList","@id":"https:\/\/staging.stylesessions.ch\/?page_id=160#breadcrumb","itemListElement":[{"@type":"ListItem","position":1,"name":"Startseite","item":"https:\/\/staging.stylesessions.ch\/"},{"@type":"ListItem","position":2,"name":"Kontakt"}]},{"@type":"WebSite","@id":"https:\/\/staging.stylesessions.ch\/#website","url":"https:\/\/staging.stylesessions.ch\/","name":"Nachhaltigich","description":"Einen vollen Kleiderschrank und nichts zum Anziehen","potentialAction":[{"@type":"SearchAction","target":{"@type":"EntryPoint","urlTemplate":"https:\/\/staging.stylesessions.ch\/?s={search_term_string}"},"query-input":{"@type":"PropertyValueSpecification","valueRequired":true,"valueName":"search_term_string"}}],"inLanguage":"de"}]}},"_links":{"self":[{"href":"https:\/\/staging.stylesessions.ch\/index.php?rest_route=\/wp\/v2\/pages\/160","targetHints":{"allow":["GET"]}}],"collection":[{"href":"https:\/\/staging.stylesessions.ch\/index.php?rest_route=\/wp\/v2\/pages"}],"about":[{"href":"https:\/\/staging.stylesessions.ch\/index.php?rest_route=\/wp\/v2\/types\/page"}],"author":[{"embeddable":true,"href":"https:\/\/staging.stylesessions.ch\/index.php?rest_route=\/wp\/v2\/users\/1"}],"replies":[{"embeddable":true,"href":"https:\/\/staging.stylesessions.ch\/index.php?rest_route=%2Fwp%2Fv2%2Fcomments&post=160"}],"version-history":[{"count":28,"href":"https:\/\/staging.stylesessions.ch\/index.php?rest_route=\/wp\/v2\/pages\/160\/revisions"}],"predecessor-version":[{"id":670,"href":"https:\/\/staging.stylesessions.ch\/index.php?rest_route=\/wp\/v2\/pages\/160\/revisions\/670"}],"wp:attachment":[{"href":"https:\/\/staging.stylesessions.ch\/index.php?rest_route=%2Fwp%2Fv2%2Fmedia&parent=160"}],"curies":[{"name":"wp","href":"https:\/\/api.w.org\/{rel}","templated":true}]}}